{"id":24,"date":"2022-01-25T17:53:07","date_gmt":"2022-01-25T17:53:07","guid":{"rendered":"https:\/\/coolala.si\/podrobno\/?page_id=24"},"modified":"2022-01-25T17:54:57","modified_gmt":"2022-01-25T17:54:57","slug":"oblikovanje","status":"publish","type":"page","link":"https:\/\/coolala.si\/podrobno\/index.php\/oblikovanje\/","title":{"rendered":"Oblikovanje"},"content":{"rendered":"<p>[et_pb_section fb_built=&#8221;1&#8243; _builder_version=&#8221;4.7.1&#8243; _module_preset=&#8221;default&#8221;][et_pb_row _builder_version=&#8221;4.7.1&#8243; _module_preset=&#8221;default&#8221;][et_pb_column type=&#8221;4_4&#8243; _builder_version=&#8221;4.7.1&#8243; _module_preset=&#8221;default&#8221;][et_pb_text _builder_version=&#8221;4.7.1&#8243; _module_preset=&#8221;default&#8221;]<\/p>\n<h2 style=\"text-align: center;\">Oblikovanje<\/h2>\n<p>Ljudje \u010dutimo, zaznavamo in ocenjujemo. Zgled je tisti, ki \u0161teje.<\/p>\n<p>Za vas oblikujemo:<\/p>\n<ul>\n<li>Celostne grafi\u010dne podobe<\/li>\n<li>Vizitke<\/li>\n<li>Logotipe<\/li>\n<li>Oglase<\/li>\n<li>Letake<\/li>\n<li>Plakate<\/li>\n<li>Bro\u0161ure<\/li>\n<li>Tiskovine<\/li>\n<li>Knjige<\/li>\n<li>Fotoknjige<\/li>\n<li>Koledarje<\/li>\n<li>Embala\u017ee<\/li>\n<\/ul>\n<p>Naj nepredstavljivo postane resni\u010dno. Kontaktirajte nas.<\/p>\n<p>&nbsp;<\/p>\n<p>[\/et_pb_text][\/et_pb_column][\/et_pb_row][\/et_pb_section]<\/p>\n","protected":false},"excerpt":{"rendered":"<p>[et_pb_section fb_built=&#8221;1&#8243; _builder_version=&#8221;4.7.1&#8243; _module_preset=&#8221;default&#8221;][et_pb_row _builder_version=&#8221;4.7.1&#8243; _module_preset=&#8221;default&#8221;][et_pb_column type=&#8221;4_4&#8243; _builder_version=&#8221;4.7.1&#8243; _module_preset=&#8221;default&#8221;][et_pb_text _builder_version=&#8221;4.7.1&#8243; _module_preset=&#8221;default&#8221;] Oblikovanje Ljudje \u010dutimo, zaznavamo in ocenjujemo. Zgled je tisti, ki \u0161teje. Za vas oblikujemo: Celostne grafi\u010dne podobe Vizitke Logotipe Oglase Letake Plakate Bro\u0161ure Tiskovine Knjige Fotoknjige Koledarje Embala\u017ee Naj nepredstavljivo postane resni\u010dno. Kontaktirajte nas. &nbsp; [\/et_pb_text][\/et_pb_column][\/et_pb_row][\/et_pb_section]<\/p>\n","protected":false},"author":1,"featured_media":0,"parent":0,"menu_order":0,"comment_status":"closed","ping_status":"closed","template":"page-template-blank.php","meta":{"_et_pb_use_builder":"on","_et_pb_old_content":"<!-- wp:divi\/placeholder \/-->","_et_gb_content_width":"","om_disable_all_campaigns":false,"_mi_skip_tracking":false},"_links":{"self":[{"href":"https:\/\/coolala.si\/podrobno\/index.php\/wp-json\/wp\/v2\/pages\/24"}],"collection":[{"href":"https:\/\/coolala.si\/podrobno\/index.php\/wp-json\/wp\/v2\/pages"}],"about":[{"href":"https:\/\/coolala.si\/podrobno\/index.php\/wp-json\/wp\/v2\/types\/page"}],"author":[{"embeddable":true,"href":"https:\/\/coolala.si\/podrobno\/index.php\/wp-json\/wp\/v2\/users\/1"}],"replies":[{"embeddable":true,"href":"https:\/\/coolala.si\/podrobno\/index.php\/wp-json\/wp\/v2\/comments?post=24"}],"version-history":[{"count":3,"href":"https:\/\/coolala.si\/podrobno\/index.php\/wp-json\/wp\/v2\/pages\/24\/revisions"}],"predecessor-version":[{"id":28,"href":"https:\/\/coolala.si\/podrobno\/index.php\/wp-json\/wp\/v2\/pages\/24\/revisions\/28"}],"wp:attachment":[{"href":"https:\/\/coolala.si\/podrobno\/index.php\/wp-json\/wp\/v2\/media?parent=24"}],"curies":[{"name":"wp","href":"https:\/\/api.w.org\/{rel}","templated":true}]}}