{"id":10,"date":"2022-01-25T16:59:53","date_gmt":"2022-01-25T16:59:53","guid":{"rendered":"https:\/\/coolala.si\/podrobno\/?page_id=10"},"modified":"2022-01-25T17:03:09","modified_gmt":"2022-01-25T17:03:09","slug":"strategije-komuniciranja","status":"publish","type":"page","link":"https:\/\/coolala.si\/podrobno\/index.php\/strategije-komuniciranja\/","title":{"rendered":"Strategije komuniciranja"},"content":{"rendered":"\n[et_pb_section fb_built=&#8221;1&#8243; _builder_version=&#8221;4.7.1&#8243; _module_preset=&#8221;default&#8221;][et_pb_row _builder_version=&#8221;4.7.1&#8243; _module_preset=&#8221;default&#8221;][et_pb_column type=&#8221;4_4&#8243; _builder_version=&#8221;4.7.1&#8243; _module_preset=&#8221;default&#8221;][et_pb_text _builder_version=&#8221;4.7.1&#8243; _module_preset=&#8221;default&#8221;]<h2 style=\"text-align: center;\">Strategije komuniciranja<\/h2>\n<p>Komuniciranje je tisto, kar proizvaja uspeh in napredek, je sredstvo za dosego ciljev. Ponujamo vam pripravo strategij komuniciranja.\u00a0<\/p>\n<p>&nbsp;<\/p>\n<p>Za vas spregovorimo na dru\u017ebenih omre\u017ejih, na tiskovnih konferencah, v kampanjah in v najbolj kaoti\u010dnem in kriznem \u010dasu.<\/p>\n<p>Nekoliko bolj konkretno tisto, kar vam ponujamo, med drugim zajema:<\/p>\n<ul>\n<li>Sporo\u010dila za javnost<\/li>\n<li>Tiskovne konference<\/li>\n<li>Krizno komuniciranje<\/li>\n<li>Priprava adrem in vabil<\/li>\n<li>Priprava spletnih vsebin<\/li>\n<li>Upravljanje dru\u017ebenih omre\u017eij<\/li>\n<li>Politi\u010dno komuniciranje<\/li>\n<\/ul>\n<p>&nbsp;<\/p>\n<p>Naj nepredstavljivo postane resni\u010dno!<\/p>\n<p>&nbsp;<\/p>[\/et_pb_text][\/et_pb_column][\/et_pb_row][\/et_pb_section]\n","protected":false},"excerpt":{"rendered":"","protected":false},"author":1,"featured_media":0,"parent":0,"menu_order":0,"comment_status":"closed","ping_status":"closed","template":"page-template-blank.php","meta":{"_et_pb_use_builder":"on","_et_pb_old_content":"<!-- wp:divi\/placeholder \/-->","_et_gb_content_width":"","om_disable_all_campaigns":false,"_mi_skip_tracking":false},"_links":{"self":[{"href":"https:\/\/coolala.si\/podrobno\/index.php\/wp-json\/wp\/v2\/pages\/10"}],"collection":[{"href":"https:\/\/coolala.si\/podrobno\/index.php\/wp-json\/wp\/v2\/pages"}],"about":[{"href":"https:\/\/coolala.si\/podrobno\/index.php\/wp-json\/wp\/v2\/types\/page"}],"author":[{"embeddable":true,"href":"https:\/\/coolala.si\/podrobno\/index.php\/wp-json\/wp\/v2\/users\/1"}],"replies":[{"embeddable":true,"href":"https:\/\/coolala.si\/podrobno\/index.php\/wp-json\/wp\/v2\/comments?post=10"}],"version-history":[{"count":4,"href":"https:\/\/coolala.si\/podrobno\/index.php\/wp-json\/wp\/v2\/pages\/10\/revisions"}],"predecessor-version":[{"id":15,"href":"https:\/\/coolala.si\/podrobno\/index.php\/wp-json\/wp\/v2\/pages\/10\/revisions\/15"}],"wp:attachment":[{"href":"https:\/\/coolala.si\/podrobno\/index.php\/wp-json\/wp\/v2\/media?parent=10"}],"curies":[{"name":"wp","href":"https:\/\/api.w.org\/{rel}","templated":true}]}}