{"id":14,"date":"2018-10-23T14:06:19","date_gmt":"2018-10-23T14:06:19","guid":{"rendered":"https:\/\/themify.me\/demo\/themes\/ultra-portfolio\/?page_id=8"},"modified":"2022-01-26T11:38:30","modified_gmt":"2022-01-26T11:38:30","slug":"home","status":"publish","type":"page","link":"https:\/\/coolala.si\/","title":{"rendered":"Dobrodo\u0161li"},"content":{"rendered":"<!-- wp:themify-builder\/canvas \/--><!--themify_builder_static--><h1 style=\"text-align: left;\">Hej,<\/h1>\n<p style=\"text-align: left;\">Veseli nas, da si tu, na strani, kjer nepredstavljivo postane resni\u010dno.<\/p> <p style=\"text-align: left;\">Postane &#8220;coolala&#8221;.<\/p>\n<a href=\"http:\/\/coolala.si\/podrobno\/kontakt\" > Stopi v stik z nami <\/a>\n<img decoding=\"async\" loading=\"lazy\" src=\"https:\/\/themify.me\/demo\/themes\/ultra-portfolio\/files\/2018\/10\/about-bw.jpg\" width=\"417\" height=\"534\">\n<h2>O nas<\/h2>\n<p>Smo agencija za kreativne re\u0161itve, ukvarjamo se z izdelavo spletnih strani, ustvarjamo strategije komuniciranja, \u0161portne, kulturne in turisti\u010dne programe ter grafi\u010dne dizajne.<\/p> <p>Med na\u0161tetimi ni tistega, kar i\u0161\u010de\u0161? Zelo verjetno imamo re\u0161itev tudi za tvojo zadevo. <a href=\"http:\/\/coolala.si\/podrobno\/kontakt\">Kontaktiraj nas!<\/a><\/p> <p>Da, delamo tudi #probono.<\/p>\n<a href=\"http:\/\/coolala.si\/podrobno\/o-nas\" > Ve\u010d o nas <\/a>\n<h2>Storitve<\/h2>\n<a href=\"https:\/\/coolala.si\/podrobno\/index.php\/strategije-komuniciranja\/\" data-zoom-config=\"700px|700px\" > <img decoding=\"async\" loading=\"lazy\" src=\"https:\/\/themify.me\/demo\/themes\/ultra-portfolio\/files\/2018\/10\/design.jpg\" width=\"496\" height=\"363\" title=\"STRATEGIJE KOMUNICIRANJA\" alt=\"STRATEGIJE KOMUNICIRANJA\"> <\/a> <h3> <a href=\"https:\/\/coolala.si\/podrobno\/index.php\/strategije-komuniciranja\/\" data-zoom-config=\"700px|700px\" > STRATEGIJE KOMUNICIRANJA <\/a> <\/h3>\n<a href=\"https:\/\/coolala.si\/podrobno\/index.php\/oblikovanje\/\" data-zoom-config=\"700px|700px\" > <img decoding=\"async\" loading=\"lazy\" src=\"https:\/\/themify.me\/demo\/themes\/ultra-portfolio\/files\/2018\/10\/web.jpg\" width=\"346\" height=\"276\" title=\"OBLIKOVANJE\" alt=\"OBLIKOVANJE\"> <\/a> <h3> <a href=\"https:\/\/coolala.si\/podrobno\/index.php\/oblikovanje\/\" data-zoom-config=\"700px|700px\" > OBLIKOVANJE <\/a> <\/h3>\n<a href=\"https:\/\/coolala.si\/podrobno\/index.php\/spletne-strani\/\" data-zoom-config=\"700px|700px\" > <img decoding=\"async\" loading=\"lazy\" src=\"http:\/\/coolala.si\/wp-content\/uploads\/2022\/01\/Futuristic-building.jpg\" width=\"168\" height=\"143\" title=\"SPLETNE STRANI\" alt=\"SPLETNE STRANI\"> <\/a> <h3> <a href=\"https:\/\/coolala.si\/podrobno\/index.php\/spletne-strani\/\" data-zoom-config=\"700px|700px\" > SPLETNE STRANI <\/a> <\/h3>\n<a href=\"https:\/\/coolala.si\/podrobno\/index.php\/kreativne-resitve\/\" data-zoom-config=\"700px|700px\" > <img decoding=\"async\" loading=\"lazy\" src=\"https:\/\/themify.me\/demo\/themes\/ultra-portfolio\/files\/2018\/10\/marketing.jpg\" width=\"344\" height=\"167\" title=\"KREATIVNE RE\u0160ITVE\" alt=\"KREATIVNE RE\u0160ITVE\"> <\/a> <h3> <a href=\"https:\/\/coolala.si\/podrobno\/index.php\/kreativne-resitve\/\" data-zoom-config=\"700px|700px\" > KREATIVNE RE\u0160ITVE <\/a> <\/h3>\n<h2>Kontakt<\/h2>\n<p><a href=\"mailto:info@coolala.si\">info@coolala.si<\/a><\/p> <p><a href=\"tel:+38631274983\">031 274 983<\/a><\/p>\n<h3 style=\"text-align: center;\">Ostali \u010dlani dru\u017eine Coolala<\/h3>\n<p><a href=\"http:\/\/slo-love.si\"><img decoding=\"async\" loading=\"lazy\" src=\"http:\/\/coolala.si\/wp-content\/uploads\/2022\/01\/ED6EE1D0-D904-4185-86DC-EECD9AFBE8CA-300x300.png\" alt=\"\" width=\"120\" height=\"120\" srcset=\"https:\/\/coolala.si\/wp-content\/uploads\/2022\/01\/ED6EE1D0-D904-4185-86DC-EECD9AFBE8CA-300x300.png 300w, https:\/\/coolala.si\/wp-content\/uploads\/2022\/01\/ED6EE1D0-D904-4185-86DC-EECD9AFBE8CA-1024x1024.png 1024w, https:\/\/coolala.si\/wp-content\/uploads\/2022\/01\/ED6EE1D0-D904-4185-86DC-EECD9AFBE8CA-150x150.png 150w, https:\/\/coolala.si\/wp-content\/uploads\/2022\/01\/ED6EE1D0-D904-4185-86DC-EECD9AFBE8CA-768x768.png 768w, https:\/\/coolala.si\/wp-content\/uploads\/2022\/01\/ED6EE1D0-D904-4185-86DC-EECD9AFBE8CA.png 1500w\" sizes=\"(max-width: 120px) 100vw, 120px\" \/><\/a><\/p>\n<p style=\"text-align: center;\"><a href=\"http:\/\/napihljivko.fun\"><img decoding=\"async\" loading=\"lazy\" src=\"http:\/\/coolala.si\/wp-content\/uploads\/2022\/01\/NAPIHLJIVKO-LOGO-2-300x82.png\" alt=\"\" width=\"300\" height=\"82\" srcset=\"https:\/\/coolala.si\/wp-content\/uploads\/2022\/01\/NAPIHLJIVKO-LOGO-2-300x82.png 300w, https:\/\/coolala.si\/wp-content\/uploads\/2022\/01\/NAPIHLJIVKO-LOGO-2-1024x279.png 1024w, https:\/\/coolala.si\/wp-content\/uploads\/2022\/01\/NAPIHLJIVKO-LOGO-2-768x209.png 768w, https:\/\/coolala.si\/wp-content\/uploads\/2022\/01\/NAPIHLJIVKO-LOGO-2.png 1395w\" sizes=\"(max-width: 300px) 100vw, 300px\" \/><\/a><\/p>\n<p><a href=\"http:\/\/po-vipavi.si\"><img decoding=\"async\" loading=\"lazy\" src=\"http:\/\/coolala.si\/wp-content\/uploads\/2022\/01\/067C1C2F-0665-4993-A346-7134E7A361EB-300x300.png\" alt=\"\" width=\"129\" height=\"129\" srcset=\"https:\/\/coolala.si\/wp-content\/uploads\/2022\/01\/067C1C2F-0665-4993-A346-7134E7A361EB-300x300.png 300w, https:\/\/coolala.si\/wp-content\/uploads\/2022\/01\/067C1C2F-0665-4993-A346-7134E7A361EB-1024x1024.png 1024w, https:\/\/coolala.si\/wp-content\/uploads\/2022\/01\/067C1C2F-0665-4993-A346-7134E7A361EB-150x150.png 150w, https:\/\/coolala.si\/wp-content\/uploads\/2022\/01\/067C1C2F-0665-4993-A346-7134E7A361EB-768x768.png 768w, https:\/\/coolala.si\/wp-content\/uploads\/2022\/01\/067C1C2F-0665-4993-A346-7134E7A361EB.png 1500w\" sizes=\"(max-width: 129px) 100vw, 129px\" \/><\/a><\/p>\n\n<img decoding=\"async\" loading=\"lazy\" src=\"http:\/\/coolala.si\/wp-content\/uploads\/2022\/01\/B550965C-F558-46D9-BE6B-C0CD0A8A2167.png\" width=\"200\" height=\"1500\"><!--\/themify_builder_static-->","protected":false},"excerpt":{"rendered":"<p>Hej, Veseli nas, da si tu, na strani, kjer nepredstavljivo postane resni\u010dno. Postane &#8220;coolala&#8221;. Stopi v stik z nami O nas Smo agencija za kreativne re\u0161itve, ukvarjamo se z izdelavo spletnih strani, ustvarjamo strategije komuniciranja, \u0161portne, kulturne in turisti\u010dne programe ter grafi\u010dne dizajne. Med na\u0161tetimi ni tistega, kar i\u0161\u010de\u0161? Zelo verjetno imamo re\u0161itev tudi za [&hellip;]<\/p>\n","protected":false},"author":1,"featured_media":0,"parent":0,"menu_order":0,"comment_status":"closed","ping_status":"closed","template":"","meta":{"om_disable_all_campaigns":false,"_mi_skip_tracking":false},"builder_content":"<h1 style=\"text-align: left;\">Hej,<\/h1>\n<p style=\"text-align: left;\">Veseli nas, da si tu, na strani, kjer nepredstavljivo postane resni\u010dno.<\/p> <p style=\"text-align: left;\">Postane \"coolala\".<\/p>\n<a href=\"http:\/\/coolala.si\/podrobno\/kontakt\" > Stopi v stik z nami <\/a>\n<img src=\"https:\/\/themify.me\/demo\/themes\/ultra-portfolio\/files\/2018\/10\/about-bw.jpg\" width=\"417\" height=\"534\" title=\"Dobrodo\u0161li\" alt=\"Dobrodo\u0161li\">\n<h2>O nas<\/h2>\n<p>Smo agencija za kreativne re\u0161itve, ukvarjamo se z izdelavo spletnih strani, ustvarjamo strategije komuniciranja, \u0161portne, kulturne in turisti\u010dne programe ter grafi\u010dne dizajne.<\/p> <p>Med na\u0161tetimi ni tistega, kar i\u0161\u010de\u0161? Zelo verjetno imamo re\u0161itev tudi za tvojo zadevo. <a href=\"http:\/\/coolala.si\/podrobno\/kontakt\">Kontaktiraj nas!<\/a><\/p> <p>Da, delamo tudi #probono.<\/p>\n<a href=\"http:\/\/coolala.si\/podrobno\/o-nas\" > Ve\u010d o nas <\/a>\n<h2>Storitve<\/h2>\n<a href=\"https:\/\/coolala.si\/podrobno\/index.php\/strategije-komuniciranja\/\" data-zoom-config=\"700px|700px\" > <img src=\"https:\/\/themify.me\/demo\/themes\/ultra-portfolio\/files\/2018\/10\/design.jpg\" width=\"496\" height=\"363\" title=\"STRATEGIJE KOMUNICIRANJA\" alt=\"STRATEGIJE KOMUNICIRANJA\"> <\/a> <h3> <a href=\"https:\/\/coolala.si\/podrobno\/index.php\/strategije-komuniciranja\/\" data-zoom-config=\"700px|700px\" > STRATEGIJE KOMUNICIRANJA <\/a> <\/h3>\n<a href=\"https:\/\/coolala.si\/podrobno\/index.php\/oblikovanje\/\" data-zoom-config=\"700px|700px\" > <img src=\"https:\/\/themify.me\/demo\/themes\/ultra-portfolio\/files\/2018\/10\/web.jpg\" width=\"346\" height=\"276\" title=\"OBLIKOVANJE\" alt=\"OBLIKOVANJE\"> <\/a> <h3> <a href=\"https:\/\/coolala.si\/podrobno\/index.php\/oblikovanje\/\" data-zoom-config=\"700px|700px\" > OBLIKOVANJE <\/a> <\/h3>\n<a href=\"https:\/\/coolala.si\/podrobno\/index.php\/spletne-strani\/\" data-zoom-config=\"700px|700px\" > <img src=\"http:\/\/coolala.si\/wp-content\/uploads\/2022\/01\/Futuristic-building.jpg\" width=\"168\" height=\"143\" title=\"SPLETNE STRANI\" alt=\"SPLETNE STRANI\"> <\/a> <h3> <a href=\"https:\/\/coolala.si\/podrobno\/index.php\/spletne-strani\/\" data-zoom-config=\"700px|700px\" > SPLETNE STRANI <\/a> <\/h3>\n<a href=\"https:\/\/coolala.si\/podrobno\/index.php\/kreativne-resitve\/\" data-zoom-config=\"700px|700px\" > <img src=\"https:\/\/themify.me\/demo\/themes\/ultra-portfolio\/files\/2018\/10\/marketing.jpg\" width=\"344\" height=\"167\" title=\"KREATIVNE RE\u0160ITVE\" alt=\"KREATIVNE RE\u0160ITVE\"> <\/a> <h3> <a href=\"https:\/\/coolala.si\/podrobno\/index.php\/kreativne-resitve\/\" data-zoom-config=\"700px|700px\" > KREATIVNE RE\u0160ITVE <\/a> <\/h3>\n<h2>Kontakt<\/h2>\n<p><a href=\"mailto:info@coolala.si\">info@coolala.si<\/a><\/p> <p><a href=\"tel:+38631274983\">031 274 983<\/a><\/p>\n<h3 style=\"text-align: center;\">Ostali \u010dlani dru\u017eine Coolala<\/h3>\n<p><a href=\"http:\/\/slo-love.si\"><img src=\"http:\/\/coolala.si\/wp-content\/uploads\/2022\/01\/ED6EE1D0-D904-4185-86DC-EECD9AFBE8CA-300x300.png\" alt=\"\" width=\"120\" height=\"120\"><\/a><\/p>\n<p style=\"text-align: center;\"><a href=\"http:\/\/napihljivko.fun\"><img src=\"http:\/\/coolala.si\/wp-content\/uploads\/2022\/01\/NAPIHLJIVKO-LOGO-2-300x82.png\" alt=\"\" width=\"300\" height=\"82\"><\/a><\/p>\n<p><a href=\"http:\/\/po-vipavi.si\"><img src=\"http:\/\/coolala.si\/wp-content\/uploads\/2022\/01\/067C1C2F-0665-4993-A346-7134E7A361EB-300x300.png\" alt=\"\" width=\"129\" height=\"129\"><\/a><\/p>\n\n<img src=\"http:\/\/coolala.si\/wp-content\/uploads\/2022\/01\/B550965C-F558-46D9-BE6B-C0CD0A8A2167.png\" width=\"200\" height=\"1500\" title=\"Dobrodo\u0161li\" alt=\"Dobrodo\u0161li\">","_links":{"self":[{"href":"https:\/\/coolala.si\/index.php?rest_route=\/wp\/v2\/pages\/14"}],"collection":[{"href":"https:\/\/coolala.si\/index.php?rest_route=\/wp\/v2\/pages"}],"about":[{"href":"https:\/\/coolala.si\/index.php?rest_route=\/wp\/v2\/types\/page"}],"author":[{"embeddable":true,"href":"https:\/\/coolala.si\/index.php?rest_route=\/wp\/v2\/users\/1"}],"replies":[{"embeddable":true,"href":"https:\/\/coolala.si\/index.php?rest_route=%2Fwp%2Fv2%2Fcomments&post=14"}],"version-history":[{"count":23,"href":"https:\/\/coolala.si\/index.php?rest_route=\/wp\/v2\/pages\/14\/revisions"}],"predecessor-version":[{"id":64,"href":"https:\/\/coolala.si\/index.php?rest_route=\/wp\/v2\/pages\/14\/revisions\/64"}],"wp:attachment":[{"href":"https:\/\/coolala.si\/index.php?rest_route=%2Fwp%2Fv2%2Fmedia&parent=14"}],"curies":[{"name":"wp","href":"https:\/\/api.w.org\/{rel}","templated":true}]}}